{"id":226,"date":"2020-11-19T21:21:15","date_gmt":"2020-11-19T20:21:15","guid":{"rendered":"http:\/\/www.amgstudio.cz\/?page_id=226"},"modified":"2020-11-19T22:58:10","modified_gmt":"2020-11-19T21:58:10","slug":"farma","status":"publish","type":"page","link":"https:\/\/www.amgstudio.cz\/?page_id=226","title":{"rendered":"Farma Mladecko"},"content":{"rendered":"<p>Zem\u011bd\u011blsk\u00e1 rodinn\u00e1 farma se nach\u00e1z\u00ed na okraji obce Mladecko v okres Opava.<\/p>\n<p>Farma je um\u00edst\u011bna na ji\u017en\u00edm \u00fabo\u010d\u00ed \u010d\u00e1sti obce zvan\u00e9 Vi\u0161\u0148\u00e1k s v\u00fdhledem do okol\u00ed.<\/p>\n<p>Farma se zab\u00fdv\u00e1 celoro\u010dn\u011b chovem a v\u00fdcvikem kon\u00ed.<\/p>\n<p><a href=\"http:\/\/www.opavske-slezsko.cz\"><img decoding=\"async\" class=\"alignnone wp-image-239\" src=\"https:\/\/www.amgstudio.cz\/wp-content\/uploads\/2020\/11\/logo-Opavske-slezsko-1-300x101.jpg\" alt=\"\" width=\"131\" height=\"44\" srcset=\"https:\/\/www.amgstudio.cz\/wp-content\/uploads\/2020\/11\/logo-Opavske-slezsko-1-300x101.jpg 300w, https:\/\/www.amgstudio.cz\/wp-content\/uploads\/2020\/11\/logo-Opavske-slezsko-1.jpg 352w\" sizes=\"(max-width: 131px) 100vw, 131px\" \/><\/a><\/p>\n<p>&nbsp;<\/p>\n","protected":false},"excerpt":{"rendered":"<p>Zem\u011bd\u011blsk\u00e1 rodinn\u00e1 farma se nach\u00e1z\u00ed na okraji obce Mladecko v okres Opava. Farma je um\u00edst\u011bna na ji\u017en\u00edm \u00fabo\u010d\u00ed \u010d\u00e1sti obce zvan\u00e9 Vi\u0161\u0148\u00e1k s v\u00fdhledem do okol\u00ed. Farma se zab\u00fdv\u00e1 celoro\u010dn\u011b chovem a v\u00fdcvikem kon\u00ed. &nbsp;<\/p>\n","protected":false},"author":2,"featured_media":0,"parent":0,"menu_order":0,"comment_status":"closed","ping_status":"closed","template":"","meta":{"two_page_speed":[],"footnotes":""},"class_list":["post-226","page","type-page","status-publish","hentry"],"_links":{"self":[{"href":"https:\/\/www.amgstudio.cz\/index.php?rest_route=\/wp\/v2\/pages\/226","targetHints":{"allow":["GET"]}}],"collection":[{"href":"https:\/\/www.amgstudio.cz\/index.php?rest_route=\/wp\/v2\/pages"}],"about":[{"href":"https:\/\/www.amgstudio.cz\/index.php?rest_route=\/wp\/v2\/types\/page"}],"author":[{"embeddable":true,"href":"https:\/\/www.amgstudio.cz\/index.php?rest_route=\/wp\/v2\/users\/2"}],"replies":[{"embeddable":true,"href":"https:\/\/www.amgstudio.cz\/index.php?rest_route=%2Fwp%2Fv2%2Fcomments&post=226"}],"version-history":[{"count":9,"href":"https:\/\/www.amgstudio.cz\/index.php?rest_route=\/wp\/v2\/pages\/226\/revisions"}],"predecessor-version":[{"id":240,"href":"https:\/\/www.amgstudio.cz\/index.php?rest_route=\/wp\/v2\/pages\/226\/revisions\/240"}],"wp:attachment":[{"href":"https:\/\/www.amgstudio.cz\/index.php?rest_route=%2Fwp%2Fv2%2Fmedia&parent=226"}],"curies":[{"name":"wp","href":"https:\/\/api.w.org\/{rel}","templated":true}]}}