{"id":42,"date":"2015-06-17T12:00:18","date_gmt":"2015-06-17T10:00:18","guid":{"rendered":"http:\/\/www.amgstudio.cz\/?page_id=42"},"modified":"2026-03-27T14:29:47","modified_gmt":"2026-03-27T13:29:47","slug":"o-nas","status":"publish","type":"page","link":"https:\/\/www.amgstudio.cz\/?page_id=42","title":{"rendered":"O n\u00e1s"},"content":{"rendered":"\n<p class=\"has-small-font-size\">Jsme spole\u010dnost maj\u00edc\u00ed 20-ti letou historii a &nbsp;zku\u0161enosti od roku 1998.<br>Komplexn\u00ed slu\u017eby v oblasti navrhov\u00e1n\u00ed a finan\u010dn\u00edm zaji\u0161\u0165ov\u00e1n\u00ed staveb.<br>Nab\u00edz\u00edme slu\u017eby v oblasti architektury od po\u010d\u00e1te\u010dn\u00edho v\u00fdb\u011bru pozemku, architektonick\u00fdch n\u00e1vrh\u016f, projekt\u016f a\u017e po pomoc p\u0159i realizaci a financov\u00e1n\u00ed staveb.<br>Nab\u00edz\u00edme slu\u017eby poradenstv\u00ed v oblasti da\u0148ov\u00e9ho pr\u00e1va.<\/p>\n\n\n\n<p class=\"has-small-font-size\">Garanti kvality slu\u017eeb:<br>Ing.arch. Martin Matu\u0161ek &#8211;&nbsp;Autorizovan\u00fd architekt &#8211;&nbsp;\u010cKA 03643<br>Ing. Zuzana Matu\u0161kov\u00e1 &#8211;&nbsp;Da\u0148ov\u00fd poradce &#8211;&nbsp;KDP\u010cR 4708<br>Ing. Luk\u00e1\u0161 Jaro\u0161 &#8211; Stavebn\u00ed in\u017een\u00fdr<\/p>\n\n\n\n<p class=\"has-small-font-size\">Spolupr\u00e1ce:<br>Ing. Pavel V\u00e1lek &#8211; in\u017een\u00fdring staveb<br>Ing. Petr Mat\u011bjek &#8211; po\u017e\u00e1rn\u00ed bezpe\u010dnost staveb<br>Ing. Jan Kotzur &#8211; zdravotechnika, vyt\u00e1p\u011bn\u00ed, technologie, vzduchotechnika<br>Stanislav Gajzler &#8211; elektroprojekce<br>Ing. Jan Kr\u00f6mmer &#8211; hlukov\u00e9 posouzen\u00ed<\/p>\n","protected":false},"excerpt":{"rendered":"<p>Jsme spole\u010dnost maj\u00edc\u00ed 20-ti letou historii a &nbsp;zku\u0161enosti od roku 1998.Komplexn\u00ed slu\u017eby v oblasti navrhov\u00e1n\u00ed a finan\u010dn\u00edm zaji\u0161\u0165ov\u00e1n\u00ed staveb.Nab\u00edz\u00edme slu\u017eby v oblasti architektury od po\u010d\u00e1te\u010dn\u00edho v\u00fdb\u011bru pozemku, architektonick\u00fdch n\u00e1vrh\u016f, projekt\u016f a\u017e po pomoc p\u0159i realizaci a financov\u00e1n\u00ed staveb.Nab\u00edz\u00edme slu\u017eby poradenstv\u00ed v oblasti da\u0148ov\u00e9ho pr\u00e1va. Garanti kvality slu\u017eeb:Ing.arch. Martin Matu\u0161ek &#8211;&nbsp;Autorizovan\u00fd architekt &#8211;&nbsp;\u010cKA 03643Ing. Zuzana Matu\u0161kov\u00e1 [&hellip;]<\/p>\n","protected":false},"author":2,"featured_media":0,"parent":0,"menu_order":3,"comment_status":"closed","ping_status":"closed","template":"","meta":{"two_page_speed":{"previous_score":{"desktop_score":98,"desktop_tti":"1.0\u00a0","mobile_score":62,"mobile_tti":"3.9\u00a0","date":"13.05.2024 06:52:07 pm","status":"completed"},"current_score":{"desktop_score":77,"desktop_tti":"0.6\u00a0","mobile_score":88,"mobile_tti":"2.4\u00a0","date":"27.03.2026 02:30:16 pm","status":"completed"}},"footnotes":""},"class_list":["post-42","page","type-page","status-publish","hentry"],"_links":{"self":[{"href":"https:\/\/www.amgstudio.cz\/index.php?rest_route=\/wp\/v2\/pages\/42","targetHints":{"allow":["GET"]}}],"collection":[{"href":"https:\/\/www.amgstudio.cz\/index.php?rest_route=\/wp\/v2\/pages"}],"about":[{"href":"https:\/\/www.amgstudio.cz\/index.php?rest_route=\/wp\/v2\/types\/page"}],"author":[{"embeddable":true,"href":"https:\/\/www.amgstudio.cz\/index.php?rest_route=\/wp\/v2\/users\/2"}],"replies":[{"embeddable":true,"href":"https:\/\/www.amgstudio.cz\/index.php?rest_route=%2Fwp%2Fv2%2Fcomments&post=42"}],"version-history":[{"count":14,"href":"https:\/\/www.amgstudio.cz\/index.php?rest_route=\/wp\/v2\/pages\/42\/revisions"}],"predecessor-version":[{"id":292,"href":"https:\/\/www.amgstudio.cz\/index.php?rest_route=\/wp\/v2\/pages\/42\/revisions\/292"}],"wp:attachment":[{"href":"https:\/\/www.amgstudio.cz\/index.php?rest_route=%2Fwp%2Fv2%2Fmedia&parent=42"}],"curies":[{"name":"wp","href":"https:\/\/api.w.org\/{rel}","templated":true}]}}