{"id":61,"date":"2015-06-17T14:26:40","date_gmt":"2015-06-17T12:26:40","guid":{"rendered":"http:\/\/www.amgstudio.cz\/?page_id=61"},"modified":"2024-05-13T19:22:08","modified_gmt":"2024-05-13T17:22:08","slug":"architektonicka-kancelar-2","status":"publish","type":"page","link":"https:\/\/www.amgstudio.cz\/?page_id=61","title":{"rendered":"Architektonick\u00e1 kancel\u00e1\u0159"},"content":{"rendered":"<div class=\"art-content-layout\">\n<div class=\"art-content-layout-row\">\n<div class=\"art-layout-cell layout-item-0\" style=\"width: 67%\" >\n<p><span style=\"font-weight: bold;\">Nab\u00edz\u00edme slu\u017eby v oblasti architektury a stavebnictv\u00ed<\/span><\/p>\n<p><p>Architektonick\u00e9 slu\u017eby<br \/>\nSlu\u017eby projek\u010dn\u00ed kancel\u00e1\u0159e<br \/>\nPoradenstv\u00ed v oblasti architektury a stavebnictv\u00ed<br \/>\nVy\u0159\u00edzen\u00ed \u00fav\u011bru stavby<br \/>\nPoradenstv\u00ed ve finan\u010dn\u00edm zaji\u0161t\u011bn\u00edm staveb<br \/>\nPr\u00e1vn\u00ed poradenstv\u00ed v souvislostech da\u0148ov\u00e9ho pr\u00e1va<\/p>\n<p>&#8211; poradenstv\u00ed a pomoc p\u0159i v\u00fdb\u011bru lokality stavby<br \/>\n        &#8211; architektonick\u00e9 n\u00e1vrhy a studie<br \/>\n        &#8211; vypracov\u00e1n\u00ed dokumentace pro \u00fazemn\u00ed \u0159\u00edzen\u00ed<br \/>\n        &#8211; vypracov\u00e1n\u00ed dokumentace pro prov\u00e1d\u011bn\u00ed stavby<br \/>\n        &#8211; vypracov\u00e1n\u00ed dokumentace pro v\u00fdb\u011br dodavatele stavby<br \/>\n        &#8211; pomoc a poradenstv\u00ed p\u0159i v\u00fdb\u011bru dodavatele<br \/>\n        &#8211; zaji\u0161t\u011bn\u00ed autorsk\u00e9ho a stavebn\u00edho dozoru<br \/>\n        &#8211; pomoc p\u0159i dokon\u010den\u00ed stavby<br \/>\n        &#8211; poradenstv\u00ed ve finan\u010dn\u00edm zaji\u0161t\u011bn\u00ed staveb&nbsp;<\/p>\n<p>Ing.arch. Martin Matu\u0161ek \u010cKA 03643<\/p>\n<\/p><\/div>\n<div class=\"art-layout-cell layout-item-0\" style=\"width: 33%\" >\n<div id=\"shutterstock_57934363\" style=\"position: relative; display: inline-block; z-index: 0; margin: 0px;  border-width: 0px;  \" class=\"art-collage\">\n<div class=\"art-slider art-slidecontainershutterstock_57934363\">\n<div class=\"art-slider-inner\">\n<div class=\"art-slide-item art-slideshutterstock_579343630\">\n<\/div>\n<div class=\"art-slide-item art-slideshutterstock_579343631\">\n<\/div>\n<div class=\"art-slide-item art-slideshutterstock_579343632\">\n<\/div><\/div>\n<\/div>\n<div class=\"art-slidenavigator art-slidenavigatorshutterstock_57934363\">\n<a href=\"#\" class=\"art-slidenavigatoritem\"><\/a><a href=\"#\" class=\"art-slidenavigatoritem\"><\/a><a href=\"#\" class=\"art-slidenavigatoritem\"><\/a>\n<\/div>\n<\/p><\/div>\n<p><\/p>\n<\/p><\/div>\n<\/p><\/div>\n<\/div>\n","protected":false},"excerpt":{"rendered":"<p>Nab\u00edz\u00edme slu\u017eby v oblasti architektury a stavebnictv\u00ed Architektonick\u00e9 slu\u017eby Slu\u017eby projek\u010dn\u00ed kancel\u00e1\u0159e Poradenstv\u00ed v oblasti architektury a stavebnictv\u00ed Vy\u0159\u00edzen\u00ed \u00fav\u011bru stavby Poradenstv\u00ed ve finan\u010dn\u00edm zaji\u0161t\u011bn\u00edm staveb Pr\u00e1vn\u00ed poradenstv\u00ed v souvislostech da\u0148ov\u00e9ho pr\u00e1va &#8211; poradenstv\u00ed a pomoc p\u0159i v\u00fdb\u011bru lokality stavby &#8211; architektonick\u00e9 n\u00e1vrhy a studie &#8211; vypracov\u00e1n\u00ed dokumentace pro \u00fazemn\u00ed \u0159\u00edzen\u00ed &#8211; vypracov\u00e1n\u00ed dokumentace pro [&hellip;]<\/p>\n","protected":false},"author":2,"featured_media":0,"parent":0,"menu_order":2,"comment_status":"closed","ping_status":"closed","template":"","meta":{"two_page_speed":{"previous_score":{"desktop_score":99,"desktop_tti":"0.5\u00a0","mobile_score":68,"mobile_tti":"4.1\u00a0","date":"13.05.2024 07:10:25 pm","status":"completed"},"current_score":{"desktop_score":100,"desktop_tti":"0.4\u00a0","mobile_score":99,"mobile_tti":"1.9\u00a0","date":"13.05.2024 07:22:34 pm","status":"completed"}},"footnotes":""},"class_list":["post-61","page","type-page","status-publish","hentry"],"_links":{"self":[{"href":"https:\/\/www.amgstudio.cz\/index.php?rest_route=\/wp\/v2\/pages\/61","targetHints":{"allow":["GET"]}}],"collection":[{"href":"https:\/\/www.amgstudio.cz\/index.php?rest_route=\/wp\/v2\/pages"}],"about":[{"href":"https:\/\/www.amgstudio.cz\/index.php?rest_route=\/wp\/v2\/types\/page"}],"author":[{"embeddable":true,"href":"https:\/\/www.amgstudio.cz\/index.php?rest_route=\/wp\/v2\/users\/2"}],"replies":[{"embeddable":true,"href":"https:\/\/www.amgstudio.cz\/index.php?rest_route=%2Fwp%2Fv2%2Fcomments&post=61"}],"version-history":[{"count":3,"href":"https:\/\/www.amgstudio.cz\/index.php?rest_route=\/wp\/v2\/pages\/61\/revisions"}],"predecessor-version":[{"id":136,"href":"https:\/\/www.amgstudio.cz\/index.php?rest_route=\/wp\/v2\/pages\/61\/revisions\/136"}],"wp:attachment":[{"href":"https:\/\/www.amgstudio.cz\/index.php?rest_route=%2Fwp%2Fv2%2Fmedia&parent=61"}],"curies":[{"name":"wp","href":"https:\/\/api.w.org\/{rel}","templated":true}]}}