{"id":63,"date":"2015-06-17T14:26:42","date_gmt":"2015-06-17T12:26:42","guid":{"rendered":"http:\/\/www.amgstudio.cz\/?page_id=63"},"modified":"2026-03-27T11:00:03","modified_gmt":"2026-03-27T10:00:03","slug":"reference-2","status":"publish","type":"page","link":"https:\/\/www.amgstudio.cz\/?page_id=63","title":{"rendered":"Tiskov\u00e9 zpr\u00e1vy"},"content":{"rendered":"\n<p class=\"has-medium-font-size\">30.4.2024 &#8211; Projekt \u201e Agroturistika 2024\u201c \u2013 spolufinancov\u00e1no z&nbsp;rozpo\u010dtu Moravskoslezsk\u00e9ho kraje &#8211; v\u00fdstavba 2p\u0159\u00edst\u0159e\u0161k\u016f pro kon\u011b<\/p>\n\n\n<div class=\"wp-block-image\">\n<figure class=\"aligncenter size-full is-resized\"><a href=\"https:\/\/www.amgstudio.cz\/wp-content\/uploads\/2022\/03\/MSK.jpg\"><img fetchpriority=\"high\" decoding=\"async\" width=\"652\" height=\"227\" sizes=\"(max-width: 652px) 100vw, 652px\" src=\"https:\/\/www.amgstudio.cz\/wp-content\/uploads\/2022\/03\/MSK.jpg\" alt=\"\" class=\"wp-image-251\" style=\"width:326px\" srcset=\"https:\/\/www.amgstudio.cz\/wp-content\/uploads\/2022\/03\/MSK.jpg 652w, https:\/\/www.amgstudio.cz\/wp-content\/uploads\/2022\/03\/MSK-300x104.jpg 300w\" \/><\/a><\/figure>\n<\/div>\n\n\n<hr class=\"wp-block-separator has-alpha-channel-opacity\"\/>\n\n\n\n<p class=\"has-medium-font-size\">27.3.2023 &#8211; Projekt \u201e Agroturistika 2023\u201c \u2013 spolufinancov\u00e1no z&nbsp;rozpo\u010dtu Moravskoslezsk\u00e9ho kraje &#8211; v\u00fdstavba 2p\u0159\u00edst\u0159e\u0161k\u016f pro kon\u011b<\/p>\n\n\n<div class=\"wp-block-image\">\n<figure class=\"aligncenter size-full is-resized\"><a href=\"https:\/\/www.amgstudio.cz\/wp-content\/uploads\/2022\/03\/MSK.jpg\"><img fetchpriority=\"high\" decoding=\"async\" width=\"652\" height=\"227\" sizes=\"(max-width: 652px) 100vw, 652px\" src=\"https:\/\/www.amgstudio.cz\/wp-content\/uploads\/2022\/03\/MSK.jpg\" alt=\"\" class=\"wp-image-251\" style=\"width:326px\" srcset=\"https:\/\/www.amgstudio.cz\/wp-content\/uploads\/2022\/03\/MSK.jpg 652w, https:\/\/www.amgstudio.cz\/wp-content\/uploads\/2022\/03\/MSK-300x104.jpg 300w\" \/><\/a><\/figure>\n<\/div>\n\n\n<hr class=\"wp-block-separator has-alpha-channel-opacity\"\/>\n\n\n\n<p class=\"has-medium-font-size\">31.3.2022 &#8211; Projekt \u201e Agroturistika 2022\u201c \u2013 spolufinancov\u00e1no z&nbsp;rozpo\u010dtu Moravskoslezsk\u00e9ho kraje &#8211; v\u00fdstavba 3box\u016f pro kon\u011b.<\/p>\n\n\n<div class=\"wp-block-image\">\n<figure class=\"aligncenter size-full is-resized\"><a href=\"https:\/\/www.amgstudio.cz\/wp-content\/uploads\/2022\/03\/MSK.jpg\"><img fetchpriority=\"high\" decoding=\"async\" width=\"652\" height=\"227\" sizes=\"(max-width: 652px) 100vw, 652px\" src=\"https:\/\/www.amgstudio.cz\/wp-content\/uploads\/2022\/03\/MSK.jpg\" alt=\"\" class=\"wp-image-251\" style=\"width:326px\" srcset=\"https:\/\/www.amgstudio.cz\/wp-content\/uploads\/2022\/03\/MSK.jpg 652w, https:\/\/www.amgstudio.cz\/wp-content\/uploads\/2022\/03\/MSK-300x104.jpg 300w\" \/><\/a><\/figure>\n<\/div>","protected":false},"excerpt":{"rendered":"<p>30.4.2024 &#8211; Projekt \u201e Agroturistika 2024\u201c \u2013 spolufinancov\u00e1no z&nbsp;rozpo\u010dtu Moravskoslezsk\u00e9ho kraje &#8211; v\u00fdstavba 2p\u0159\u00edst\u0159e\u0161k\u016f pro kon\u011b 27.3.2023 &#8211; Projekt \u201e Agroturistika 2023\u201c \u2013 spolufinancov\u00e1no z&nbsp;rozpo\u010dtu Moravskoslezsk\u00e9ho kraje &#8211; v\u00fdstavba 2p\u0159\u00edst\u0159e\u0161k\u016f pro kon\u011b 31.3.2022 &#8211; Projekt \u201e Agroturistika 2022\u201c \u2013 spolufinancov\u00e1no z&nbsp;rozpo\u010dtu Moravskoslezsk\u00e9ho kraje &#8211; v\u00fdstavba 3box\u016f pro kon\u011b.<\/p>\n","protected":false},"author":2,"featured_media":0,"parent":0,"menu_order":4,"comment_status":"closed","ping_status":"closed","template":"","meta":{"two_page_speed":null,"footnotes":""},"class_list":["post-63","page","type-page","status-publish","hentry"],"_links":{"self":[{"href":"https:\/\/www.amgstudio.cz\/index.php?rest_route=\/wp\/v2\/pages\/63","targetHints":{"allow":["GET"]}}],"collection":[{"href":"https:\/\/www.amgstudio.cz\/index.php?rest_route=\/wp\/v2\/pages"}],"about":[{"href":"https:\/\/www.amgstudio.cz\/index.php?rest_route=\/wp\/v2\/types\/page"}],"author":[{"embeddable":true,"href":"https:\/\/www.amgstudio.cz\/index.php?rest_route=\/wp\/v2\/users\/2"}],"replies":[{"embeddable":true,"href":"https:\/\/www.amgstudio.cz\/index.php?rest_route=%2Fwp%2Fv2%2Fcomments&post=63"}],"version-history":[{"count":29,"href":"https:\/\/www.amgstudio.cz\/index.php?rest_route=\/wp\/v2\/pages\/63\/revisions"}],"predecessor-version":[{"id":298,"href":"https:\/\/www.amgstudio.cz\/index.php?rest_route=\/wp\/v2\/pages\/63\/revisions\/298"}],"wp:attachment":[{"href":"https:\/\/www.amgstudio.cz\/index.php?rest_route=%2Fwp%2Fv2%2Fmedia&parent=63"}],"curies":[{"name":"wp","href":"https:\/\/api.w.org\/{rel}","templated":true}]}}