{"id":65,"date":"2015-06-17T14:26:44","date_gmt":"2015-06-17T12:26:44","guid":{"rendered":"http:\/\/www.amgstudio.cz\/?page_id=65"},"modified":"2026-03-27T12:28:23","modified_gmt":"2026-03-27T11:28:23","slug":"danove-poradenstvi-2","status":"publish","type":"page","link":"https:\/\/www.amgstudio.cz\/?page_id=65","title":{"rendered":"Da\u0148ov\u00e9 poradenstv\u00ed"},"content":{"rendered":"<div class=\"art-content-layout\">\n<div class=\"art-content-layout-row\">\n<div class=\"art-layout-cell layout-item-0\" style=\"width: 100%\" >\n<div id=\"shutterstock_12488026\" style=\"position: relative; display: inline-block; z-index: 0; margin-top: 0px; margin-right: 20px; margin-bottom: 0px; margin-left: 0px;  border-width: 0px;  float: left;\" class=\"art-collage\">\n<div class=\"art-slider art-slidecontainershutterstock_12488026\">\n<div class=\"art-slider-inner\">\n<div class=\"art-slide-item art-slideshutterstock_124880260\">\n<\/div>\n<div class=\"art-slide-item art-slideshutterstock_124880261\">\n<\/div>\n<div class=\"art-slide-item art-slideshutterstock_124880262\">\n<\/div>\n<div class=\"art-slide-item art-slideshutterstock_124880263\">\n<\/div>\n<div class=\"art-slide-item art-slideshutterstock_124880264\">\n<\/div><\/div>\n<\/div>\n<div class=\"art-slidenavigator art-slidenavigatorshutterstock_12488026\">\n<a href=\"#\" class=\"art-slidenavigatoritem\"><\/a><a href=\"#\" class=\"art-slidenavigatoritem\"><\/a><a href=\"#\" class=\"art-slidenavigatoritem\"><\/a><a href=\"#\" class=\"art-slidenavigatoritem\"><\/a><a href=\"#\" class=\"art-slidenavigatoritem\"><\/a>\n<\/div>\n<\/p><\/div>\n<\/p>\n<p><span style=\"font-weight: bold;\">Da\u0148ov\u00e9 poradenstv\u00ed<\/span> <span style=\"font-weight: bold;\">Da\u0148ov\u00fd poradce &#8211; Ing. Zuzana Matu\u0161kov\u00e1 KDP\u010cR 04708<\/span> <a href=\"mailto:matuskova@amgstudio.cz\">matuskova@amgstudio.cz<\/a><\/p>\n<p style=\"margin-top: 0.05cm; margin-bottom: 0.05cm; line-height: 100%\"><font face=\"Arial, serif\" style=\"font-weight: bold;\">Zpracov\u00e1n\u00ed v\u0161ech typ\u016f da\u0148ov\u00fdch p\u0159izn\u00e1n\u00ed a hl\u00e1\u0161en\u00ed:<\/font><\/p>\n<p style=\"margin-top: 0.05cm; margin-bottom: 0.05cm; line-height: 100%\"><font face=\"Arial, serif\"><i>P\u0159izn\u00e1n\u00ed k dani z nemovitost\u00ed<\/i><\/font><\/p>\n<p style=\"margin-top: 0.05cm; margin-bottom: 0.05cm; line-height: 100%\"><font face=\"Arial, serif\"><i>P\u0159izn\u00e1n\u00ed k dani d\u011bdick\u00e9, darovac\u00ed, k dani z p\u0159evodu nemovitosti<\/i><\/font><\/p>\n<p style=\"margin-top: 0.05cm; margin-bottom: 0.05cm; line-height: 100%\"><font face=\"Arial, serif\"><i>P\u0159izn\u00e1n\u00ed k dani z p\u0159\u00edjm\u016f PO<\/i><\/font><\/p>\n<p style=\"margin-top: 0.05cm; margin-bottom: 0.05cm; line-height: 100%\"><font face=\"Arial, serif\"><i>P\u0159izn\u00e1n\u00ed k dani z p\u0159\u00edjm\u016f FO<\/i><\/font><\/p>\n<p style=\"margin-top: 0.05cm; margin-bottom: 0.05cm; line-height: 100%\"><font face=\"Arial, serif\"><i>P\u0159izn\u00e1n\u00ed k DPH, souhrnn\u00e9 hl\u00e1\u0161en\u00ed<\/i><\/font><\/p>\n<p style=\"margin-top: 0.05cm; margin-bottom: 0.05cm; line-height: 100%\"><font face=\"Arial, serif\"><i>P\u0159izn\u00e1n\u00ed k silni\u010dn\u00ed dani<\/i><\/font><\/p>\n<p style=\"margin-top: 0.05cm; margin-bottom: 0.05cm; line-height: 100%\"><font face=\"Arial, serif\"><i>P\u0159izn\u00e1n\u00ed ke spot\u0159ebn\u00ed dani<\/i><\/font><\/p>\n<p><\/p>\n<p style=\"margin-top: 0.05cm; margin-bottom: 0.05cm; line-height: 100%\"><font face=\"Arial, serif\">P\u0159ipravte se na dan\u011b d\u0159\u00edve ne\u017e za\u010dnete nov\u00fd projekt, porad\u00edme V\u00e1m, kter\u00e9 \u0159e\u0161en\u00ed je nejvhodn\u011bj\u0161\u00ed.<\/font><\/p>\n<p style=\"margin-top: 0.05cm; margin-bottom: 0.05cm; line-height: 100%\"><font face=\"Arial, serif\">Optimalizace da\u0148ov\u00e9 povinnosti<\/font><\/p>\n<p style=\"margin-top: 0.05cm; margin-bottom: 0.05cm; line-height: 100%\"><font face=\"Arial, serif\">Odklad da\u0148ov\u00e9ho p\u0159izn\u00e1n\u00ed a platby dan\u011b z p\u0159\u00edjmu PO,FO<\/font><\/p>\n<p style=\"margin-top: 0.05cm; margin-bottom: 0.05cm; line-height: 100%\"><font face=\"Arial, serif\">Konzultace s da\u0148ov\u00fdm poradcem<\/font><\/p>\n<p style=\"margin-top: 0.05cm; margin-bottom: 0.05cm; line-height: 100%\"><font face=\"Arial, serif\">Zastupov\u00e1n\u00ed klient\u016f da\u0148ov\u00fdm poradcem<\/font><\/p>\n<p style=\"margin-top: 0.05cm; margin-bottom: 0.05cm; line-height: 100%\"><font face=\"Arial, serif\">Kontrola \u00fa\u010detnictv\u00ed a da\u0148ov\u00e9 evidence<\/font><\/p>\n<p style=\"margin-top: 0.05cm; margin-bottom: 0.05cm; line-height: 100%\"><font face=\"Arial, serif\">Kontrola spr\u00e1vn\u00e9ho stanoven\u00ed z\u00e1kladu dan\u011b<\/font><\/p>\n<p style=\"margin-top: 0.05cm; margin-bottom: 0.05cm; line-height: 100%\"><a name=\"_GoBack\"><\/a> <font face=\"Arial, serif\">Veden\u00ed \u00fa\u010detnictv\u00ed<\/font><\/p>\n<p style=\"margin-top: 0.05cm; margin-bottom: 0.05cm; line-height: 100%\"><font face=\"Arial, serif\">F\u016eZE &#8211; slou\u010den\u00ed, splynut\u00ed, rozd\u011blen\u00ed spole\u010dnost\u00ed.<\/font><\/p>\n<\/p><\/div>\n<\/p><\/div>\n<\/div>\n","protected":false},"excerpt":{"rendered":"<p>Da\u0148ov\u00e9 poradenstv\u00ed Da\u0148ov\u00fd poradce &#8211; Ing. Zuzana Matu\u0161kov\u00e1 KDP\u010cR 04708 matuskova@amgstudio.cz Zpracov\u00e1n\u00ed v\u0161ech typ\u016f da\u0148ov\u00fdch p\u0159izn\u00e1n\u00ed a hl\u00e1\u0161en\u00ed: P\u0159izn\u00e1n\u00ed k dani z nemovitost\u00ed P\u0159izn\u00e1n\u00ed k dani d\u011bdick\u00e9, darovac\u00ed, k dani z p\u0159evodu nemovitosti P\u0159izn\u00e1n\u00ed k dani z p\u0159\u00edjm\u016f PO P\u0159izn\u00e1n\u00ed k dani z p\u0159\u00edjm\u016f FO P\u0159izn\u00e1n\u00ed k DPH, souhrnn\u00e9 hl\u00e1\u0161en\u00ed P\u0159izn\u00e1n\u00ed k silni\u010dn\u00ed dani P\u0159izn\u00e1n\u00ed [&hellip;]<\/p>\n","protected":false},"author":2,"featured_media":0,"parent":0,"menu_order":6,"comment_status":"closed","ping_status":"closed","template":"","meta":{"two_page_speed":{"previous_score":{"desktop_score":99,"desktop_tti":"0.5\u00a0","mobile_score":57.99999999999999289457264239899814128875732421875,"mobile_tti":"4.4\u00a0","date":"13.05.2024 07:06:38 pm","status":"completed"},"current_score":{"desktop_score":92,"desktop_tti":"0.6\u00a0","mobile_score":93,"mobile_tti":"2.4\u00a0","date":"27.03.2026 12:28:53 pm","status":"completed"}},"footnotes":""},"class_list":["post-65","page","type-page","status-publish","hentry"],"_links":{"self":[{"href":"https:\/\/www.amgstudio.cz\/index.php?rest_route=\/wp\/v2\/pages\/65","targetHints":{"allow":["GET"]}}],"collection":[{"href":"https:\/\/www.amgstudio.cz\/index.php?rest_route=\/wp\/v2\/pages"}],"about":[{"href":"https:\/\/www.amgstudio.cz\/index.php?rest_route=\/wp\/v2\/types\/page"}],"author":[{"embeddable":true,"href":"https:\/\/www.amgstudio.cz\/index.php?rest_route=\/wp\/v2\/users\/2"}],"replies":[{"embeddable":true,"href":"https:\/\/www.amgstudio.cz\/index.php?rest_route=%2Fwp%2Fv2%2Fcomments&post=65"}],"version-history":[{"count":1,"href":"https:\/\/www.amgstudio.cz\/index.php?rest_route=\/wp\/v2\/pages\/65\/revisions"}],"predecessor-version":[{"id":301,"href":"https:\/\/www.amgstudio.cz\/index.php?rest_route=\/wp\/v2\/pages\/65\/revisions\/301"}],"wp:attachment":[{"href":"https:\/\/www.amgstudio.cz\/index.php?rest_route=%2Fwp%2Fv2%2Fmedia&parent=65"}],"curies":[{"name":"wp","href":"https:\/\/api.w.org\/{rel}","templated":true}]}}